{"id":3,"date":"2023-07-17T19:45:42","date_gmt":"2023-07-17T19:45:42","guid":{"rendered":"http:\/\/www.weterynarzsroda.pl\/?page_id=3"},"modified":"2023-11-05T10:55:29","modified_gmt":"2023-11-05T10:55:29","slug":"polityka-prywatnosci","status":"publish","type":"page","link":"https:\/\/www.weterynarzsroda.pl\/index.php\/polityka-prywatnosci\/","title":{"rendered":"Polityka prywatnosci"},"content":{"rendered":"<div class=\"fusion-fullwidth fullwidth-box fusion-builder-row-1 fusion-flex-container nonhundred-percent-fullwidth non-hundred-percent-height-scrolling\" style=\"--awb-border-radius-top-left:0px;--awb-border-radius-top-right:0px;--awb-border-radius-bottom-right:0px;--awb-border-radius-bottom-left:0px;--awb-flex-wrap:wrap;\" ><div class=\"fusion-builder-row fusion-row fusion-flex-align-items-flex-start fusion-flex-content-wrap\" style=\"max-width:1216.8px;margin-left: calc(-4% \/ 2 );margin-right: calc(-4% \/ 2 );\"><div class=\"fusion-layout-column fusion_builder_column fusion-builder-column-0 fusion_builder_column_1_1 1_1 fusion-flex-column\" style=\"--awb-bg-blend:overlay;--awb-bg-size:cover;--awb-width-large:100%;--awb-margin-top-large:0px;--awb-spacing-right-large:1.92%;--awb-margin-bottom-large:0px;--awb-spacing-left-large:1.92%;--awb-width-medium:100%;--awb-spacing-right-medium:1.92%;--awb-spacing-left-medium:1.92%;--awb-width-small:100%;--awb-spacing-right-small:1.92%;--awb-spacing-left-small:1.92%;\"><div class=\"fusion-column-wrapper fusion-flex-justify-content-flex-start fusion-content-layout-column\"><div class=\"fusion-text fusion-text-1\"><p>Na podstawie art. 13 Rozporz\u0105dzenia Parlamentu Europejskiego i Rady (UE) 2016\/679 z dnia 27 kwietnia 2016 r. w sprawie ochrony os\u00f3b fizycznych w zwi\u0105zku z przetwarzaniem danych osobowych i w sprawie swobodnego przep\u0142ywu takich danych z dnia 27 kwietnia 2016 r. (Dz. Urz.UE.L Nr 119, str. 1) podaj\u0119 nast\u0119puj\u0105ce informacje:<\/p>\n<p><b>[Administrator danych]<\/b><\/p>\n<p>Administratorem Pa\u0144stwa danych jest PRZYCHODNIA WETERYNARYJNA AKACJOWA Lek.Wet. BEATA SEWI\u0141O ul. Akacjowa 1, 63-000 \u015aroda Wielkopolska, NIP 7551854397 , REGON 161458576 . Zapraszam do kontaktu: telefonicznie: +48 573 371 447, pod adresem e-mail: leczymyzwierzaka@gmail.com.com oraz osobi\u015bcie w siedzibie firmy.<\/p>\n<p><b>[Cele przetwarzania danych]<\/b><\/p>\n<p>PRZYCHODNIA WETERYNARYJNA AKACJOWA Lek.Wet. BEATA SEWI\u0141O dane w celu:<\/p>\n<p>&#8211; \u015bwiadczenia us\u0142ug weterynaryjnych,<\/p>\n<p>&#8211; podejmowania czynno\u015bci poprzedzaj\u0105cych powierzenie i wykonanie us\u0142ug weterynaryjnych (m. in. rejestracja wizyt),<\/p>\n<p>&#8211; wykonania obowi\u0105zk\u00f3w okre\u015blonych przepisami prawa.<\/p>\n<p>Powierzenie PRZYCHODNIA WETERYNARYJNA AKACJOWA LEK.WET. BEATA SEWI\u0141O danych jest dobrowolne, ale bez tych danych w wi\u0119kszo\u015bci przypadk\u00f3w powierzenie ani \u015bwiadczenie us\u0142ug weterynaryjnych nie b\u0119dzie mo\u017cliwe. Administrator nie wykorzystuje danych do zautomatyzowanego podejmowania decyzji, w tym do profilowania, o kt\u00f3rym mowa w art. 22 ust. 1 i 4 RODO. PRZYCHODNIA WETERYNARYJNA AKACJOWA LEK.WET. BEATA SEWI\u0141O przetwarza r\u00f3wnie\u017c dane dziennik\u00f3w systemowych serwera oraz plik\u00f3w cookie w celu administrowania i zabezpieczenia strony internetowej PRZYCHODNIA WETERYNARYJNA AKACJOWA Lek.Wet. BEATA SEWI\u0141O .pl.<\/p>\n<p><b>[Podstawy prawne przetwarzania danych]<\/b><\/p>\n<p>Pa\u0144stwa dane s\u0105 przetwarzane, gdy\u017c jest to niezb\u0119dne do \u015bwiadczenia us\u0142ug weterynaryjnych, lub do podj\u0119cia dzia\u0142a\u0144 na Pa\u0144stwa \u017c\u0105danie, przed powierzeniem wykonania tych us\u0142ug (Art. 6 ust. 1 lit. b RODO). Pa\u0144stwa dane mog\u0105 by\u0107 r\u00f3wnie\u017c przetwarzane, w celu wype\u0142nienia obowi\u0105zk\u00f3w prawnych PRZYCHODNIA WETERYNARYJNA AKACJOWA LEK.WET. BEATA SEWI\u0141O okre\u015blonych m.in. przepisami ustaw; o zawodzie lekarza weterynarii i izbach lekarsko-weterynaryjnych, o ochronie zdrowia zwierz\u0105t oraz zwalczaniu chor\u00f3b zaka\u017anych zwierz\u0105t, o Inspekcji weterynaryjnej, rozporz\u0105dze\u0144 (UE) nr 576\/2013 oraz nr 577\/2013 a nadto przepisami prawa podatkowego (Art. 6 ust. 1 lit. c RODO).<\/p>\n<p>Przetwarzanie Pa\u0144stwa danych mo\u017ce si\u0119 r\u00f3wnie\u017c odbywa\u0107 na podstawie nadrz\u0119dnego, prawnie uzasadnionego interesu w ramach cel\u00f3w przetwarzania danych opisanych powy\u017cej, w tym w zwi\u0105zku z warunkami okre\u015blonymi przepisami o post\u0119powaniu podatkowym, administracyjnym, cywilnym, karnym, albo dyscyplinarnym (art. 6 ust. 1 lit. f RODO). Interes ten obejmuje m. in. dochodzenie i obron\u0119 przed roszczeniami, zapobieganie i ochrona przed nadu\u017cyciami, zapewnienie bezpiecze\u0144stwa informatycznego, zapewnienie zgodno\u015bci z przepisami etyki zawodowej, w celach archiwalnych i statystycznych.<\/p>\n<p><b>[Pliki cookie strony weterynarzsroda.pl]<\/b><\/p>\n<p>Gdy korzystaj\u0105 Pa\u0144stwo ze strony weterynarzsroda.pl prosz\u0119 o dobrowolne wyra\u017cenie zgody na przetwarzanie plik\u00f3w cookies poprzez przechowywanie informacji lub uzyskiwanie dost\u0119pu do informacji ju\u017c przechowywanych w Pa\u0144stwa urz\u0105dzeniach takich jak komputer, laptop, tablet, smartfon itp. Zgody udziela si\u0119 klikaj\u0105c w przycisk, albo rozpoczynaj\u0105c przegl\u0105danie strony. Zgoda ta mo\u017ce by\u0107 wycofana w ka\u017cdym czasie. Pliki cookies przetwarzam na podstawie art. 173 ustawy Prawo telekomunikacyjne z dnia 16 lipca 2004 r. tj. z dnia 9 grudnia 2019 r. (Dz.U. z 2019 r. poz. 2460). Zazwyczaj Pa\u0144stwa przegl\u0105darka domy\u015blnie dopuszcza umieszczanie plik\u00f3w cookies i innych informacji na Pa\u0144stwa urz\u0105dzeniu ko\u0144cowym. Zmieniaj\u0105c ustawienia przegl\u0105darki mo\u017cna zapobiec zapisywaniu tych plik\u00f3w w Pa\u0144stwa przegl\u0105darce. Mo\u017cliwe jest wy\u0142\u0105czenie zapisywania tych plik\u00f3w dla wszystkich odwiedzanych lokalizacji, lub dla konkretnej witryny. Mo\u017cliwe jest r\u00f3wnie\u017c usuwanie tych plik\u00f3w. PRZYCHODNIA WETERYNARYJNA AKACJOWA LEK.WET. BEATA SEWI\u0141O korzysta z plik\u00f3w cookie w celu administrowania i zabezpieczenia strony internetowej weterynarzsroda.pl<\/p>\n<p>Przetwarzanie Pa\u0144stwa danych mo\u017ce si\u0119 r\u00f3wnie\u017c odbywa\u0107 na podstawie nadrz\u0119dnego, prawnie uzasadnionego interesu w ramach cel\u00f3w przetwarzania danych opisanych powy\u017cej, w tym w zwi\u0105zku z warunkami okre\u015blonymi przepisami o post\u0119powaniu podatkowym, administracyjnym, cywilnym, karnym, albo dyscyplinarnym (art. 6 ust. 1 lit. f RODO). Interes ten obejmuje m. in. dochodzenie i obron\u0119 przed roszczeniami, zapobieganie i ochrona przed nadu\u017cyciami, zapewnienie bezpiecze\u0144stwa informatycznego, zapewnienie zgodno\u015bci z przepisami etyki zawodowej, w celach archiwalnych i statystycznych.<\/p>\n<p><b>[Przekazywanie Pa\u0144stwa danych]<\/b><\/p>\n<p>W zwi\u0105zku z realizacj\u0105 cel\u00f3w przetwarzania, dane mog\u0105 by\u0107 przekazywane:<\/p>\n<p>&#8211; organom administracji, organom samorz\u0105du zawodowego lekarzy weterynarii oraz innym podmiotom upowa\u017cnionym do odbioru danych na podstawie przepis\u00f3w prawa,<\/p>\n<p>&#8211; wsp\u00f3\u0142pracuj\u0105cym lekarzom weterynarii, laboratoriom diagnostycznym, firmom \u015bwiadcz\u0105cym us\u0142ugi kremacji zw\u0142ok zwierz\u0105t,<\/p>\n<p>&#8211; firmom informatycznym obs\u0142uguj\u0105cym komunikacj\u0119 elektroniczn\u0105 PRZYCHODNIA WETERYNARYJNA AKACJOWA LEK.WET. BEATA SEWI\u0141O ,<\/p>\n<p>&#8211; firmie ksi\u0119gowej, firmie prawniczej,<\/p>\n<p>&#8211; bankowi \u015bwiadcz\u0105cemu us\u0142ugi p\u0142atnicze PRZYCHODNIA WETERYNARYJNA AKACJOWA LEK.WET. BEATA SEWI\u0141O ,<\/p>\n<p>&#8211; firmie \u015bwiadcz\u0105cej us\u0142ugi pocztowe i kurierskie,<\/p>\n<p>&#8211; firmie \u015bwiadcz\u0105cej us\u0142ugi niszczenia dokument\u00f3w,<\/p>\n<p>&#8211; firmie ubezpieczeniowej,<\/p>\n<p>&#8211; organom ochrony prawnej.<\/p>\n<p>W zdecydowanej wi\u0119kszo\u015bci przypadk\u00f3w jest to niezb\u0119dne do wykonania us\u0142ug weterynaryjnych. Mo\u017ce by\u0107 to tak\u017ce zwi\u0105zane z konieczno\u015bci\u0105 wype\u0142nienia obowi\u0105zk\u00f3w prawnych oraz w celu zapewnienia nadrz\u0119dnego prawnie uzasadnionego interesu administratora. Odbiorcy danych s\u0105 zobowi\u0105zani do zapewnienia odpowiedniego poziomu ochrony powierzonych danych. Prawa i obowi\u0105zki odbiorc\u00f3w danych wynikaj\u0105 m. in. z zawartych um\u00f3w powierzenia przetwarzania danych.<\/p>\n<p>Przetwarzanie Pa\u0144stwa danych mo\u017ce si\u0119 r\u00f3wnie\u017c odbywa\u0107 na podstawie nadrz\u0119dnego, prawnie uzasadnionego interesu w ramach cel\u00f3w przetwarzania danych opisanych powy\u017cej, w tym w zwi\u0105zku z warunkami okre\u015blonymi przepisami o post\u0119powaniu podatkowym, administracyjnym, cywilnym, karnym, albo dyscyplinarnym (art. 6 ust. 1 lit. f RODO). Interes ten obejmuje m. in. dochodzenie i obron\u0119 przed roszczeniami, zapobieganie i ochrona przed nadu\u017cyciami, zapewnienie bezpiecze\u0144stwa informatycznego, zapewnienie zgodno\u015bci z przepisami etyki zawodowej, w celach archiwalnych i statystycznych.<\/p>\n<p><b>[Przekazywanie danych poza EOG]<\/b><\/p>\n<p>Dane nie s\u0105 przekazywane do pa\u0144stwa trzeciego.<\/p>\n<p><b>[Okres przechowywania]<\/b><\/p>\n<p>Dane s\u0105 przechowywane zazwyczaj przez pi\u0119\u0107 lat od dnia sporz\u0105dzenia dokumentacji lekarsko weterynaryjnej, b\u0105d\u017a do up\u0142ywu okresu przedawnienia roszcze\u0144 \u2013 w zale\u017cno\u015bci od tego kt\u00f3ry z tych termin\u00f3w przypada p\u00f3\u017aniej.<\/p>\n<p><b>[Pa\u0144stwa uprawnienia]<\/b><\/p>\n<p>Maj\u0105 Pa\u0144stwu prawo do:<\/p>\n<p>&#8211; sprawdzenia, czy i jakie dotycz\u0105ce Pa\u0144stwa dane przetwarzamy, a tak\u017ce do otrzymania kopii tych danych,<\/p>\n<p>&#8211; sprostowania, uzupe\u0142nienia lub usuni\u0119cia Pa\u0144stwa danych, je\u015bli s\u0105 one przetwarzane w spos\u00f3b b\u0142\u0119dny lub niezgodny z prawem, za\u017c\u0105dania od nas &#8211; ograniczenia przetwarzania Pa\u0144stwa danych,<\/p>\n<p>&#8211; w pewnych przypadkach gdy przetwarzanie odbywa si\u0119 na podstawie art. 6 ust 1 lit. f RODO \u2013 do zg\u0142oszenia sprzeciwu wobec przetwarzania Pa\u0144stwa danych,<\/p>\n<p>&#8211; do poznania to\u017csamo\u015bci os\u00f3b trzecich, kt\u00f3rym s\u0105 przekazywane Pa\u0144stwa dane oraz<\/p>\n<p>&#8211; do wniesienia skargi do organu ochrony danych.<\/p>\n<p>Wniesienia sprzeciwu mo\u017cliwe jest wobec przetwarzania danych w celach wynikaj\u0105cych z prawnie uzasadnionych interes\u00f3w realizowanych przez administratora tj. na podstawie art. 6 ust. 1 lit. f RODO. Sprzeciw musi wynika\u0107 ze szczeg\u00f3lnej sytuacji uprawnionego. PRZYCHODNIA WETERYNARYJNA AKACJOWA LEK.WET. BEATA SEWI\u0141O nie wolno b\u0119dzie przetwarza\u0107 tych danych, chyba \u017ce wyka\u017ce istnienie wa\u017cnych prawnie uzasadnionych podstaw do przetwarzania, nadrz\u0119dnych wobec interes\u00f3w, praw i wolno\u015bci osoby, kt\u00f3rej dane dotycz\u0105, lub podstaw do ustalenia, dochodzenia lub obrony roszcze\u0144 (art. 21 ust 1 RODO).<\/p>\n<\/div><\/div><\/div><\/div><\/div>\n","protected":false},"excerpt":{"rendered":"","protected":false},"author":1,"featured_media":0,"parent":0,"menu_order":0,"comment_status":"closed","ping_status":"open","template":"","meta":{"footnotes":""},"class_list":["post-3","page","type-page","status-publish","hentry"],"_links":{"self":[{"href":"https:\/\/www.weterynarzsroda.pl\/index.php\/wp-json\/wp\/v2\/pages\/3","targetHints":{"allow":["GET"]}}],"collection":[{"href":"https:\/\/www.weterynarzsroda.pl\/index.php\/wp-json\/wp\/v2\/pages"}],"about":[{"href":"https:\/\/www.weterynarzsroda.pl\/index.php\/wp-json\/wp\/v2\/types\/page"}],"author":[{"embeddable":true,"href":"https:\/\/www.weterynarzsroda.pl\/index.php\/wp-json\/wp\/v2\/users\/1"}],"replies":[{"embeddable":true,"href":"https:\/\/www.weterynarzsroda.pl\/index.php\/wp-json\/wp\/v2\/comments?post=3"}],"version-history":[{"count":4,"href":"https:\/\/www.weterynarzsroda.pl\/index.php\/wp-json\/wp\/v2\/pages\/3\/revisions"}],"predecessor-version":[{"id":1454,"href":"https:\/\/www.weterynarzsroda.pl\/index.php\/wp-json\/wp\/v2\/pages\/3\/revisions\/1454"}],"wp:attachment":[{"href":"https:\/\/www.weterynarzsroda.pl\/index.php\/wp-json\/wp\/v2\/media?parent=3"}],"curies":[{"name":"wp","href":"https:\/\/api.w.org\/{rel}","templated":true}]}}